{"id":552,"date":"2019-06-17T08:41:51","date_gmt":"2019-06-17T08:41:51","guid":{"rendered":"http:\/\/poor-salmon.w5.wpsandbox.pro\/?page_id=6"},"modified":"2024-07-31T16:47:39","modified_gmt":"2024-07-31T16:47:39","slug":"about","status":"publish","type":"page","link":"https:\/\/vztahy.net\/?page_id=552","title":{"rendered":"O projektu"},"content":{"rendered":"\t\t<div data-elementor-type=\"wp-post\" data-elementor-id=\"552\" class=\"elementor elementor-552\">\n\t\t\t\t\t\t<section class=\"elementor-section elementor-top-section elementor-element elementor-element-526f207 elementor-section-full_width elementor-section-height-default elementor-section-height-default\" data-id=\"526f207\" data-element_type=\"section\">\n\t\t\t\t\t\t<div class=\"elementor-container elementor-column-gap-default\">\n\t\t\t\t\t<div class=\"elementor-column elementor-col-100 elementor-top-column elementor-element elementor-element-29b6738\" data-id=\"29b6738\" data-element_type=\"column\">\n\t\t\t<div class=\"elementor-widget-wrap elementor-element-populated\">\n\t\t\t\t\t\t<div class=\"elementor-element elementor-element-6f88353 elementor-widget elementor-widget-spacer\" data-id=\"6f88353\" data-element_type=\"widget\" data-widget_type=\"spacer.default\">\n\t\t\t\t<div class=\"elementor-widget-container\">\n\t\t\t\t\t\t\t<div class=\"elementor-spacer\">\n\t\t\t<div class=\"elementor-spacer-inner\"><\/div>\n\t\t<\/div>\n\t\t\t\t\t\t<\/div>\n\t\t\t\t<\/div>\n\t\t\t\t<section class=\"elementor-section elementor-inner-section elementor-element elementor-element-527134d elementor-section-boxed elementor-section-height-default elementor-section-height-default\" data-id=\"527134d\" data-element_type=\"section\">\n\t\t\t\t\t\t<div class=\"elementor-container elementor-column-gap-default\">\n\t\t\t\t\t<div class=\"elementor-column elementor-col-100 elementor-inner-column elementor-element elementor-element-3d3e5e6\" data-id=\"3d3e5e6\" data-element_type=\"column\">\n\t\t\t<div class=\"elementor-widget-wrap elementor-element-populated\">\n\t\t\t\t\t\t<div class=\"elementor-element elementor-element-fcf2812 elementor-widget elementor-widget-heading\" data-id=\"fcf2812\" data-element_type=\"widget\" data-widget_type=\"heading.default\">\n\t\t\t\t<div class=\"elementor-widget-container\">\n\t\t\t\t\t<h2 class=\"elementor-heading-title elementor-size-default\">O <span>projektu<\/span><\/h2>\t\t\t\t<\/div>\n\t\t\t\t<\/div>\n\t\t\t\t\t<\/div>\n\t\t<\/div>\n\t\t\t\t\t<\/div>\n\t\t<\/section>\n\t\t\t\t<div class=\"elementor-element elementor-element-ca73e0f elementor-widget-divider--view-line elementor-widget elementor-widget-divider\" data-id=\"ca73e0f\" data-element_type=\"widget\" data-widget_type=\"divider.default\">\n\t\t\t\t<div class=\"elementor-widget-container\">\n\t\t\t\t\t\t\t<div class=\"elementor-divider\">\n\t\t\t<span class=\"elementor-divider-separator\">\n\t\t\t\t\t\t<\/span>\n\t\t<\/div>\n\t\t\t\t\t\t<\/div>\n\t\t\t\t<\/div>\n\t\t\t\t<div class=\"elementor-element elementor-element-bb3cb73 elementor-widget elementor-widget-spacer\" data-id=\"bb3cb73\" data-element_type=\"widget\" data-widget_type=\"spacer.default\">\n\t\t\t\t<div class=\"elementor-widget-container\">\n\t\t\t\t\t\t\t<div class=\"elementor-spacer\">\n\t\t\t<div class=\"elementor-spacer-inner\"><\/div>\n\t\t<\/div>\n\t\t\t\t\t\t<\/div>\n\t\t\t\t<\/div>\n\t\t\t\t\t<\/div>\n\t\t<\/div>\n\t\t\t\t\t<\/div>\n\t\t<\/section>\n\t\t\t\t<section class=\"elementor-section elementor-top-section elementor-element elementor-element-67883f0 elementor-section-boxed elementor-section-height-default elementor-section-height-default\" data-id=\"67883f0\" data-element_type=\"section\">\n\t\t\t\t\t\t<div class=\"elementor-container elementor-column-gap-default\">\n\t\t\t\t\t<div class=\"elementor-column elementor-col-100 elementor-top-column elementor-element elementor-element-a9ba255\" data-id=\"a9ba255\" data-element_type=\"column\">\n\t\t\t<div class=\"elementor-widget-wrap elementor-element-populated\">\n\t\t\t\t\t\t<section class=\"elementor-section elementor-inner-section elementor-element elementor-element-23cc63d elementor-section-boxed elementor-section-height-default elementor-section-height-default\" data-id=\"23cc63d\" data-element_type=\"section\">\n\t\t\t\t\t\t<div class=\"elementor-container elementor-column-gap-default\">\n\t\t\t\t\t<div class=\"elementor-column elementor-col-50 elementor-inner-column elementor-element elementor-element-3fa12af\" data-id=\"3fa12af\" data-element_type=\"column\" data-settings=\"{&quot;background_background&quot;:&quot;classic&quot;}\">\n\t\t\t<div class=\"elementor-widget-wrap elementor-element-populated\">\n\t\t\t\t\t\t<div class=\"elementor-element elementor-element-18b0415 elementor-widget elementor-widget-image\" data-id=\"18b0415\" data-element_type=\"widget\" data-widget_type=\"image.default\">\n\t\t\t\t<div class=\"elementor-widget-container\">\n\t\t\t\t\t\t\t\t\t\t\t\t\t\t\t<img decoding=\"async\" src=\"https:\/\/vztahy.net\/wp-content\/uploads\/elementor\/thumbs\/380A8098-qwfsw2x0vgveqfx3kk4c0mke3ixav726dcmhfw09yc.jpg\" title=\"380A8098\" alt=\"380A8098\" loading=\"lazy\" \/>\t\t\t\t\t\t\t\t\t\t\t\t\t\t\t<\/div>\n\t\t\t\t<\/div>\n\t\t\t\t\t<\/div>\n\t\t<\/div>\n\t\t\t\t<div class=\"elementor-column elementor-col-50 elementor-inner-column elementor-element elementor-element-483f2ab\" data-id=\"483f2ab\" data-element_type=\"column\">\n\t\t\t<div class=\"elementor-widget-wrap elementor-element-populated\">\n\t\t\t\t\t\t<div class=\"elementor-element elementor-element-0f9fb3e elementor-widget elementor-widget-text-editor\" data-id=\"0f9fb3e\" data-element_type=\"widget\" data-widget_type=\"text-editor.default\">\n\t\t\t\t<div class=\"elementor-widget-container\">\n\t\t\t\t\t\t\t\t\t<p><strong><em>HLAVN\u00cdM C\u00cdLEM JE D\u00c1T Z\u00c1JEMCI MO\u017dNOST P\u0158ESN\u011a POCHOPIT DU\u0160EVN\u00cd A T\u011aLESN\u00c9 MECHANISMY, KTER\u00c9 OVLIV\u0147UJ\u00cd \u017dIVOT \u010cLOV\u011aKA A POUK\u00c1ZAT NA N\u00c1STROJE V\u011aDOM\u00c9HO OVLIV\u0147OV\u00c1N\u00cd OSOBNOSTI, KTER\u00c9 POMOHOU DOSAHOVAT ZADAN\u00ddCH C\u00cdL\u016e.<\/em><\/strong><\/p>\n\n<p><strong>Maxim Pohoda<\/strong> \u2013 to je medi\u00e1ln\u00ed pseudonym hlavn\u00edho autora projektu, jeho\u017e \u00fakolem je zachov\u00e1n\u00ed vlastn\u00edho soukrom\u00ed a mo\u017enost v\u00e9st norm\u00e1ln\u00ed lidsk\u00fd \u017eivot bez neust\u00e1l\u00e9ho ru\u0161en\u00ed s p\u0159\u00e1n\u00edmi d\u00e1t radu, podiskutovat, promluvit si, \u0159\u00edci sv\u016fj p\u0159\u00edb\u011bh. V sou\u010dasn\u00e9 dob\u011b je materi\u00e1l p\u0159edstaven na webu Vztahy.net a p\u0159ipravuje se vstup na dal\u0161\u00ed soci\u00e1ln\u00ed platformy.<\/p>\n<p><strong>VZD\u011aL\u00c1N\u00cd A PRAXE MAXE POHODY<\/strong><\/p>\n<p>&#8211; human resource (HR) management, ekonomick\u00e1 a marketingov\u011b orientovan\u00e1 studia a Technick\u00e9 universit\u011b Liberec a Masarykov\u011b Universit\u011b Brno<br>&#8211; marketing a psychologie na Haagse Hogeschool, Netherland<br>&#8211; consumer behaviour, psychologie, reklama, sociologie na Katholike Universitet of Leuven Praxe<br>&#8211; Human resourse ve vlastn\u00edch spole\u010dnostech na prota\u017een\u00ed 20 let<br>&#8211; marketing a reklama ve vlastn\u00ed agentu\u0159e na ovliv\u0148ov\u00e1n\u00ed jednotlivc\u016f a r\u016fzn\u00fdch soci\u00e1ln\u00edch skupin<br>&#8211; veden\u00ed byznysu v zahrani\u010d\u00ed v d\u00e9lce 10 let<\/p>\t\t\t\t\t\t\t\t<\/div>\n\t\t\t\t<\/div>\n\t\t\t\t\t<\/div>\n\t\t<\/div>\n\t\t\t\t\t<\/div>\n\t\t<\/section>\n\t\t\t\t\t<\/div>\n\t\t<\/div>\n\t\t\t\t\t<\/div>\n\t\t<\/section>\n\t\t<div class=\"elementor-element elementor-element-5ebfcdc e-grid e-con-boxed e-con e-parent\" data-id=\"5ebfcdc\" data-element_type=\"container\">\n\t\t\t\t\t<div class=\"e-con-inner\">\n\t\t\t\t<div class=\"elementor-element elementor-element-b00a00e elementor-widget elementor-widget-text-editor\" data-id=\"b00a00e\" data-element_type=\"widget\" data-widget_type=\"text-editor.default\">\n\t\t\t\t<div class=\"elementor-widget-container\">\n\t\t\t\t\t\t\t\t\t<p><strong>P\u0158\u00cdB\u011aH PROJEKTU<\/strong><\/p><p>Odpov\u00edd\u00e1 na ot\u00e1zky na kter\u00e9 ned\u00e1v\u00e1 odpov\u011b\u010f klasick\u00fd nebo sou\u010dasn\u00fd syst\u00e9m vzd\u011bl\u00e1v\u00e1n\u00ed psycholog\u016f nebo terapeut\u016f. Dostane\u0161 diplom a pak pochop\u00ed\u0161, \u017ee nem\u00e1\u0161 spr\u00e1vn\u00e9 odpov\u011bdi na probl\u00e9my, kter\u00e9 vznikaj\u00ed v norm\u00e1ln\u00edm lidsk\u00e9m \u017eivot\u011b. To co se neu\u010d\u00ed to je to, \u017ee je pot\u0159eba vyslechnout p\u0159\u00edb\u011bh \u010dlov\u011bka a pod\u00edvat se na to s r\u016fzn\u00fdch \u00fahl\u016f pohledu, ud\u011blat situativn\u00ed analytiku, pop\u0159\u00e1t \u0161t\u011bst\u00ed v dal\u0161\u00edm \u017eivot\u011b a \u0159\u00edci, \u017ee v\u0161e bude dobr\u00e9.\u00a0 A toto je i za\u010d\u00e1tek a konec cesty v rozvoji ch\u00e1p\u00e1n\u00ed psych\u00e9 neboli du\u0161e, cesty kter\u00e1 \u0159e\u0161\u00ed probl\u00e9my a<br \/>neodsouv\u00e1 je na druhou kolej. A to je na\u0161e psychologie, kterou klasi\u010dt\u00ed diplomovan\u00ed specialist\u00e9 s deseti<br \/>tituly budou naz\u00fdvat \u201epseudo v\u011bdou\u201c.<\/p>\t\t\t\t\t\t\t\t<\/div>\n\t\t\t\t<\/div>\n\t\t\t\t\t<\/div>\n\t\t\t\t<\/div>\n\t\t\t\t<section class=\"elementor-section elementor-top-section elementor-element elementor-element-e6f8cd6 elementor-section-full_width elementor-section-height-default elementor-section-height-default\" data-id=\"e6f8cd6\" data-element_type=\"section\">\n\t\t\t\t\t\t<div class=\"elementor-container elementor-column-gap-default\">\n\t\t\t\t\t<div class=\"elementor-column elementor-col-100 elementor-top-column elementor-element elementor-element-ee97045\" data-id=\"ee97045\" data-element_type=\"column\">\n\t\t\t<div class=\"elementor-widget-wrap elementor-element-populated\">\n\t\t\t\t\t\t<div class=\"elementor-element elementor-element-7651e2f elementor-widget elementor-widget-spacer\" data-id=\"7651e2f\" data-element_type=\"widget\" data-widget_type=\"spacer.default\">\n\t\t\t\t<div class=\"elementor-widget-container\">\n\t\t\t\t\t\t\t<div class=\"elementor-spacer\">\n\t\t\t<div class=\"elementor-spacer-inner\"><\/div>\n\t\t<\/div>\n\t\t\t\t\t\t<\/div>\n\t\t\t\t<\/div>\n\t\t\t\t<section class=\"elementor-section elementor-inner-section elementor-element elementor-element-8c6306e elementor-section-boxed elementor-section-height-default elementor-section-height-default\" data-id=\"8c6306e\" data-element_type=\"section\">\n\t\t\t\t\t\t<div class=\"elementor-container elementor-column-gap-default\">\n\t\t\t\t\t<div class=\"elementor-column elementor-col-100 elementor-inner-column elementor-element elementor-element-1372234\" data-id=\"1372234\" data-element_type=\"column\">\n\t\t\t<div class=\"elementor-widget-wrap elementor-element-populated\">\n\t\t\t\t\t\t<div class=\"elementor-element elementor-element-9e31e80 elementor-widget elementor-widget-heading\" data-id=\"9e31e80\" data-element_type=\"widget\" data-widget_type=\"heading.default\">\n\t\t\t\t<div class=\"elementor-widget-container\">\n\t\t\t\t\t<h2 class=\"elementor-heading-title elementor-size-default\">CO \u0158\u00cdKAJ\u00cd <span>OSTATN\u00cd <\/span><\/h2>\t\t\t\t<\/div>\n\t\t\t\t<\/div>\n\t\t\t\t\t<\/div>\n\t\t<\/div>\n\t\t\t\t\t<\/div>\n\t\t<\/section>\n\t\t\t\t<div class=\"elementor-element elementor-element-3357327 elementor-widget-divider--view-line elementor-widget elementor-widget-divider\" data-id=\"3357327\" data-element_type=\"widget\" data-widget_type=\"divider.default\">\n\t\t\t\t<div class=\"elementor-widget-container\">\n\t\t\t\t\t\t\t<div class=\"elementor-divider\">\n\t\t\t<span class=\"elementor-divider-separator\">\n\t\t\t\t\t\t<\/span>\n\t\t<\/div>\n\t\t\t\t\t\t<\/div>\n\t\t\t\t<\/div>\n\t\t\t\t<div class=\"elementor-element elementor-element-88d78b9 elementor-widget elementor-widget-spacer\" data-id=\"88d78b9\" data-element_type=\"widget\" data-widget_type=\"spacer.default\">\n\t\t\t\t<div class=\"elementor-widget-container\">\n\t\t\t\t\t\t\t<div class=\"elementor-spacer\">\n\t\t\t<div class=\"elementor-spacer-inner\"><\/div>\n\t\t<\/div>\n\t\t\t\t\t\t<\/div>\n\t\t\t\t<\/div>\n\t\t\t\t\t<\/div>\n\t\t<\/div>\n\t\t\t\t\t<\/div>\n\t\t<\/section>\n\t\t\t\t<section class=\"elementor-section elementor-top-section elementor-element elementor-element-a2d1a19 elementor-section-boxed elementor-section-height-default elementor-section-height-default\" data-id=\"a2d1a19\" data-element_type=\"section\">\n\t\t\t\t\t\t<div class=\"elementor-container elementor-column-gap-default\">\n\t\t\t\t\t<div class=\"elementor-column elementor-col-50 elementor-top-column elementor-element elementor-element-5e56325\" data-id=\"5e56325\" data-element_type=\"column\">\n\t\t\t<div class=\"elementor-widget-wrap elementor-element-populated\">\n\t\t\t\t\t\t<section class=\"elementor-section elementor-inner-section elementor-element elementor-element-045ded2 elementor-section-boxed elementor-section-height-default elementor-section-height-default\" data-id=\"045ded2\" data-element_type=\"section\">\n\t\t\t\t\t\t<div class=\"elementor-container elementor-column-gap-default\">\n\t\t\t\t\t<div class=\"elementor-column elementor-col-50 elementor-inner-column elementor-element elementor-element-62763f8\" data-id=\"62763f8\" data-element_type=\"column\">\n\t\t\t<div class=\"elementor-widget-wrap elementor-element-populated\">\n\t\t\t\t\t\t<div class=\"elementor-element elementor-element-c7c3a7c elementor-view-default elementor-widget elementor-widget-icon\" data-id=\"c7c3a7c\" data-element_type=\"widget\" data-widget_type=\"icon.default\">\n\t\t\t\t<div class=\"elementor-widget-container\">\n\t\t\t\t\t\t\t<div class=\"elementor-icon-wrapper\">\n\t\t\t<div class=\"elementor-icon\">\n\t\t\t\t\t\t\t<i class=\"fa fa-quote-left\" aria-hidden=\"true\"><\/i>\n\t\t\t\t\t\t<\/div>\n\t\t<\/div>\n\t\t\t\t\t\t<\/div>\n\t\t\t\t<\/div>\n\t\t\t\t\t<\/div>\n\t\t<\/div>\n\t\t\t\t<div class=\"elementor-column elementor-col-50 elementor-inner-column elementor-element elementor-element-41de464\" data-id=\"41de464\" data-element_type=\"column\">\n\t\t\t<div class=\"elementor-widget-wrap elementor-element-populated\">\n\t\t\t\t\t\t<div class=\"elementor-element elementor-element-85fa1b0 elementor-widget elementor-widget-heading\" data-id=\"85fa1b0\" data-element_type=\"widget\" data-widget_type=\"heading.default\">\n\t\t\t\t<div class=\"elementor-widget-container\">\n\t\t\t\t\t<p class=\"elementor-heading-title elementor-size-default\">Lorem ipsum dolor sit amet, consectetur adipiscing elit. Curabitur vel tristique justo, quis posuere orci. Sed at velit risus. Nullam luctus feugiat dui aliquet euis-mod  et  posuere cubilia.  <\/p>\t\t\t\t<\/div>\n\t\t\t\t<\/div>\n\t\t\t\t<div class=\"elementor-element elementor-element-3049d83 elementor-widget elementor-widget-heading\" data-id=\"3049d83\" data-element_type=\"widget\" data-widget_type=\"heading.default\">\n\t\t\t\t<div class=\"elementor-widget-container\">\n\t\t\t\t\t<p class=\"elementor-heading-title elementor-size-default\">John Travalta<\/p>\t\t\t\t<\/div>\n\t\t\t\t<\/div>\n\t\t\t\t<div class=\"elementor-element elementor-element-3f90802 elementor-widget elementor-widget-heading\" data-id=\"3f90802\" data-element_type=\"widget\" data-widget_type=\"heading.default\">\n\t\t\t\t<div class=\"elementor-widget-container\">\n\t\t\t\t\t<h2 class=\"elementor-heading-title elementor-size-default\">Customer<\/h2>\t\t\t\t<\/div>\n\t\t\t\t<\/div>\n\t\t\t\t\t<\/div>\n\t\t<\/div>\n\t\t\t\t\t<\/div>\n\t\t<\/section>\n\t\t\t\t\t<\/div>\n\t\t<\/div>\n\t\t\t\t<div class=\"elementor-column elementor-col-50 elementor-top-column elementor-element elementor-element-08ea821\" data-id=\"08ea821\" data-element_type=\"column\">\n\t\t\t<div class=\"elementor-widget-wrap elementor-element-populated\">\n\t\t\t\t\t\t<section class=\"elementor-section elementor-inner-section elementor-element elementor-element-193a4c4 elementor-section-boxed elementor-section-height-default elementor-section-height-default\" data-id=\"193a4c4\" data-element_type=\"section\">\n\t\t\t\t\t\t<div class=\"elementor-container elementor-column-gap-default\">\n\t\t\t\t\t<div class=\"elementor-column elementor-col-50 elementor-inner-column elementor-element elementor-element-69bdcaf\" data-id=\"69bdcaf\" data-element_type=\"column\">\n\t\t\t<div class=\"elementor-widget-wrap elementor-element-populated\">\n\t\t\t\t\t\t<div class=\"elementor-element elementor-element-75363a0 elementor-view-default elementor-widget elementor-widget-icon\" data-id=\"75363a0\" data-element_type=\"widget\" data-widget_type=\"icon.default\">\n\t\t\t\t<div class=\"elementor-widget-container\">\n\t\t\t\t\t\t\t<div class=\"elementor-icon-wrapper\">\n\t\t\t<div class=\"elementor-icon\">\n\t\t\t\t\t\t\t<i class=\"fa fa-quote-left\" aria-hidden=\"true\"><\/i>\n\t\t\t\t\t\t<\/div>\n\t\t<\/div>\n\t\t\t\t\t\t<\/div>\n\t\t\t\t<\/div>\n\t\t\t\t\t<\/div>\n\t\t<\/div>\n\t\t\t\t<div class=\"elementor-column elementor-col-50 elementor-inner-column elementor-element elementor-element-db3c198\" data-id=\"db3c198\" data-element_type=\"column\">\n\t\t\t<div class=\"elementor-widget-wrap elementor-element-populated\">\n\t\t\t\t\t\t<div class=\"elementor-element elementor-element-73adf9b elementor-widget elementor-widget-heading\" data-id=\"73adf9b\" data-element_type=\"widget\" data-widget_type=\"heading.default\">\n\t\t\t\t<div class=\"elementor-widget-container\">\n\t\t\t\t\t<p class=\"elementor-heading-title elementor-size-default\">Lorem ipsum dolor sit amet, consectetur adipiscing elit. Curabitur vel tristique justo, quis posuere orci. Sed at velit risus. Nullam luctus feugiat dui aliquet euis-mod  et  posuere cubilia.  <\/p>\t\t\t\t<\/div>\n\t\t\t\t<\/div>\n\t\t\t\t<div class=\"elementor-element elementor-element-1177b97 elementor-widget elementor-widget-heading\" data-id=\"1177b97\" data-element_type=\"widget\" data-widget_type=\"heading.default\">\n\t\t\t\t<div class=\"elementor-widget-container\">\n\t\t\t\t\t<p class=\"elementor-heading-title elementor-size-default\">Kiara Smith<\/p>\t\t\t\t<\/div>\n\t\t\t\t<\/div>\n\t\t\t\t<div class=\"elementor-element elementor-element-1667eee elementor-widget elementor-widget-heading\" data-id=\"1667eee\" data-element_type=\"widget\" data-widget_type=\"heading.default\">\n\t\t\t\t<div class=\"elementor-widget-container\">\n\t\t\t\t\t<h2 class=\"elementor-heading-title elementor-size-default\">Customer<\/h2>\t\t\t\t<\/div>\n\t\t\t\t<\/div>\n\t\t\t\t\t<\/div>\n\t\t<\/div>\n\t\t\t\t\t<\/div>\n\t\t<\/section>\n\t\t\t\t\t<\/div>\n\t\t<\/div>\n\t\t\t\t\t<\/div>\n\t\t<\/section>\n\t\t\t\t<section class=\"elementor-section elementor-top-section elementor-element elementor-element-072b1e5 elementor-section-full_width elementor-section-height-default elementor-section-height-default\" data-id=\"072b1e5\" data-element_type=\"section\">\n\t\t\t\t\t\t<div class=\"elementor-container elementor-column-gap-default\">\n\t\t\t\t\t<div class=\"elementor-column elementor-col-100 elementor-top-column elementor-element elementor-element-7e0165d\" data-id=\"7e0165d\" data-element_type=\"column\">\n\t\t\t<div class=\"elementor-widget-wrap elementor-element-populated\">\n\t\t\t\t\t\t<div class=\"elementor-element elementor-element-d882754 elementor-widget elementor-widget-spacer\" data-id=\"d882754\" data-element_type=\"widget\" data-widget_type=\"spacer.default\">\n\t\t\t\t<div class=\"elementor-widget-container\">\n\t\t\t\t\t\t\t<div class=\"elementor-spacer\">\n\t\t\t<div class=\"elementor-spacer-inner\"><\/div>\n\t\t<\/div>\n\t\t\t\t\t\t<\/div>\n\t\t\t\t<\/div>\n\t\t\t\t\t<\/div>\n\t\t<\/div>\n\t\t\t\t\t<\/div>\n\t\t<\/section>\n\t\t\t\t<\/div>\n\t\t","protected":false},"excerpt":{"rendered":"<p>O projektu HLAVN\u00cdM C\u00cdLEM JE D\u00c1T Z\u00c1JEMCI MO\u017dNOST P\u0158ESN\u011a POCHOPIT DU\u0160EVN\u00cd A T\u011aLESN\u00c9 MECHANISMY, KTER\u00c9 OVLIV\u0147UJ\u00cd \u017dIVOT \u010cLOV\u011aKA A POUK\u00c1ZAT NA N\u00c1STROJE V\u011aDOM\u00c9HO OVLIV\u0147OV\u00c1N\u00cd OSOBNOSTI, KTER\u00c9 POMOHOU DOSAHOVAT ZADAN\u00ddCH C\u00cdL\u016e. Maxim Pohoda \u2013 to je medi\u00e1ln\u00ed pseudonym hlavn\u00edho autora projektu, jeho\u017e \u00fakolem je zachov\u00e1n\u00ed vlastn\u00edho soukrom\u00ed a mo\u017enost v\u00e9st norm\u00e1ln\u00ed lidsk\u00fd \u017eivot bez neust\u00e1l\u00e9ho ru\u0161en\u00ed [&hellip;]<\/p>\n","protected":false},"author":1,"featured_media":0,"parent":0,"menu_order":0,"comment_status":"closed","ping_status":"closed","template":"page-templates\/pagebuilder.php","meta":{"zakra_page_container_layout":"stretched","zakra_page_sidebar_layout":"no_sidebar","zakra_remove_content_margin":false,"zakra_sidebar":"customizer","zakra_transparent_header":"0","zakra_logo":0,"zakra_main_header_style":"default","zakra_menu_item_color":"","zakra_menu_item_hover_color":"","zakra_menu_item_active_color":"","zakra_menu_active_style":"","zakra_page_header":true,"footnotes":""},"class_list":["post-552","page","type-page","status-publish","hentry"],"_links":{"self":[{"href":"https:\/\/vztahy.net\/index.php?rest_route=\/wp\/v2\/pages\/552","targetHints":{"allow":["GET"]}}],"collection":[{"href":"https:\/\/vztahy.net\/index.php?rest_route=\/wp\/v2\/pages"}],"about":[{"href":"https:\/\/vztahy.net\/index.php?rest_route=\/wp\/v2\/types\/page"}],"author":[{"embeddable":true,"href":"https:\/\/vztahy.net\/index.php?rest_route=\/wp\/v2\/users\/1"}],"replies":[{"embeddable":true,"href":"https:\/\/vztahy.net\/index.php?rest_route=%2Fwp%2Fv2%2Fcomments&post=552"}],"version-history":[{"count":67,"href":"https:\/\/vztahy.net\/index.php?rest_route=\/wp\/v2\/pages\/552\/revisions"}],"predecessor-version":[{"id":2939,"href":"https:\/\/vztahy.net\/index.php?rest_route=\/wp\/v2\/pages\/552\/revisions\/2939"}],"wp:attachment":[{"href":"https:\/\/vztahy.net\/index.php?rest_route=%2Fwp%2Fv2%2Fmedia&parent=552"}],"curies":[{"name":"wp","href":"https:\/\/api.w.org\/{rel}","templated":true}]}}