{"id":800,"date":"2019-06-17T08:42:30","date_gmt":"2019-06-17T08:42:30","guid":{"rendered":"http:\/\/poor-salmon.w5.wpsandbox.pro\/?page_id=10"},"modified":"2019-06-17T08:42:30","modified_gmt":"2019-06-17T08:42:30","slug":"contact","status":"publish","type":"page","link":"https:\/\/vztahy.net\/?page_id=800","title":{"rendered":"Contact"},"content":{"rendered":"\t\t<div data-elementor-type=\"wp-post\" data-elementor-id=\"800\" class=\"elementor elementor-800\">\n\t\t\t\t\t\t<section class=\"elementor-section elementor-top-section elementor-element elementor-element-fdd7f47 elementor-section-full_width elementor-section-height-default elementor-section-height-default\" data-id=\"fdd7f47\" data-element_type=\"section\">\n\t\t\t\t\t\t<div class=\"elementor-container elementor-column-gap-default\">\n\t\t\t\t\t<div class=\"elementor-column elementor-col-100 elementor-top-column elementor-element elementor-element-75d5ff2\" data-id=\"75d5ff2\" data-element_type=\"column\">\n\t\t\t<div class=\"elementor-widget-wrap elementor-element-populated\">\n\t\t\t\t\t\t<div class=\"elementor-element elementor-element-6f38a1c elementor-widget elementor-widget-spacer\" data-id=\"6f38a1c\" data-element_type=\"widget\" data-widget_type=\"spacer.default\">\n\t\t\t\t<div class=\"elementor-widget-container\">\n\t\t\t\t\t\t\t<div class=\"elementor-spacer\">\n\t\t\t<div class=\"elementor-spacer-inner\"><\/div>\n\t\t<\/div>\n\t\t\t\t\t\t<\/div>\n\t\t\t\t<\/div>\n\t\t\t\t<section class=\"elementor-section elementor-inner-section elementor-element elementor-element-cc5c8fa elementor-section-boxed elementor-section-height-default elementor-section-height-default\" data-id=\"cc5c8fa\" data-element_type=\"section\">\n\t\t\t\t\t\t<div class=\"elementor-container elementor-column-gap-default\">\n\t\t\t\t\t<div class=\"elementor-column elementor-col-100 elementor-inner-column elementor-element elementor-element-1d144ed\" data-id=\"1d144ed\" data-element_type=\"column\">\n\t\t\t<div class=\"elementor-widget-wrap elementor-element-populated\">\n\t\t\t\t\t\t<div class=\"elementor-element elementor-element-666e3d8 elementor-widget elementor-widget-heading\" data-id=\"666e3d8\" data-element_type=\"widget\" data-widget_type=\"heading.default\">\n\t\t\t\t<div class=\"elementor-widget-container\">\n\t\t\t\t\t<h2 class=\"elementor-heading-title elementor-size-default\">CONTACT <span>US<\/span><\/h2>\t\t\t\t<\/div>\n\t\t\t\t<\/div>\n\t\t\t\t\t<\/div>\n\t\t<\/div>\n\t\t\t\t\t<\/div>\n\t\t<\/section>\n\t\t\t\t<div class=\"elementor-element elementor-element-09b5519 elementor-widget-divider--view-line elementor-widget elementor-widget-divider\" data-id=\"09b5519\" data-element_type=\"widget\" data-widget_type=\"divider.default\">\n\t\t\t\t<div class=\"elementor-widget-container\">\n\t\t\t\t\t\t\t<div class=\"elementor-divider\">\n\t\t\t<span class=\"elementor-divider-separator\">\n\t\t\t\t\t\t<\/span>\n\t\t<\/div>\n\t\t\t\t\t\t<\/div>\n\t\t\t\t<\/div>\n\t\t\t\t<div class=\"elementor-element elementor-element-495beef elementor-widget elementor-widget-spacer\" data-id=\"495beef\" data-element_type=\"widget\" data-widget_type=\"spacer.default\">\n\t\t\t\t<div class=\"elementor-widget-container\">\n\t\t\t\t\t\t\t<div class=\"elementor-spacer\">\n\t\t\t<div class=\"elementor-spacer-inner\"><\/div>\n\t\t<\/div>\n\t\t\t\t\t\t<\/div>\n\t\t\t\t<\/div>\n\t\t\t\t\t<\/div>\n\t\t<\/div>\n\t\t\t\t\t<\/div>\n\t\t<\/section>\n\t\t\t\t<section class=\"elementor-section elementor-top-section elementor-element elementor-element-0792b6d elementor-section-boxed elementor-section-height-default elementor-section-height-default\" data-id=\"0792b6d\" data-element_type=\"section\">\n\t\t\t\t\t\t<div class=\"elementor-container elementor-column-gap-default\">\n\t\t\t\t\t<div class=\"elementor-column elementor-col-50 elementor-top-column elementor-element elementor-element-7c3eacc\" data-id=\"7c3eacc\" data-element_type=\"column\">\n\t\t\t<div class=\"elementor-widget-wrap elementor-element-populated\">\n\t\t\t\t\t\t<section class=\"elementor-section elementor-inner-section elementor-element elementor-element-56abacc elementor-section-boxed elementor-section-height-default elementor-section-height-default\" data-id=\"56abacc\" data-element_type=\"section\">\n\t\t\t\t\t\t<div class=\"elementor-container elementor-column-gap-default\">\n\t\t\t\t\t<div class=\"elementor-column elementor-col-50 elementor-inner-column elementor-element elementor-element-c79a739\" data-id=\"c79a739\" data-element_type=\"column\">\n\t\t\t<div class=\"elementor-widget-wrap elementor-element-populated\">\n\t\t\t\t\t\t<div class=\"elementor-element elementor-element-5a494b5 elementor-view-default elementor-position-block-start elementor-mobile-position-block-start elementor-widget elementor-widget-icon-box\" data-id=\"5a494b5\" data-element_type=\"widget\" data-widget_type=\"icon-box.default\">\n\t\t\t\t<div class=\"elementor-widget-container\">\n\t\t\t\t\t\t\t<div class=\"elementor-icon-box-wrapper\">\n\n\t\t\t\t\t\t<div class=\"elementor-icon-box-icon\">\n\t\t\t\t<span  class=\"elementor-icon\">\n\t\t\t\t<i class=\"fa fa-map-marker\" aria-hidden=\"true\"><\/i>\t\t\t\t<\/span>\n\t\t\t<\/div>\n\t\t\t\n\t\t\t\t\t\t<div class=\"elementor-icon-box-content\">\n\n\t\t\t\t\n\t\t\t\t\t\t\t\t\t<p class=\"elementor-icon-box-description\">\n\t\t\t\t\t\t445 Mount Eden Road, Mt Eden, Auckland 1024\t\t\t\t\t<\/p>\n\t\t\t\t\n\t\t\t<\/div>\n\t\t\t\n\t\t<\/div>\n\t\t\t\t\t\t<\/div>\n\t\t\t\t<\/div>\n\t\t\t\t\t<\/div>\n\t\t<\/div>\n\t\t\t\t<div class=\"elementor-column elementor-col-50 elementor-inner-column elementor-element elementor-element-ede072f\" data-id=\"ede072f\" data-element_type=\"column\">\n\t\t\t<div class=\"elementor-widget-wrap elementor-element-populated\">\n\t\t\t\t\t\t<div class=\"elementor-element elementor-element-9b2a5be elementor-view-default elementor-position-block-start elementor-mobile-position-block-start elementor-widget elementor-widget-icon-box\" data-id=\"9b2a5be\" data-element_type=\"widget\" data-widget_type=\"icon-box.default\">\n\t\t\t\t<div class=\"elementor-widget-container\">\n\t\t\t\t\t\t\t<div class=\"elementor-icon-box-wrapper\">\n\n\t\t\t\t\t\t<div class=\"elementor-icon-box-icon\">\n\t\t\t\t<span  class=\"elementor-icon\">\n\t\t\t\t<i class=\"fa fa-envelope\" aria-hidden=\"true\"><\/i>\t\t\t\t<\/span>\n\t\t\t<\/div>\n\t\t\t\n\t\t\t\t\t\t<div class=\"elementor-icon-box-content\">\n\n\t\t\t\t\n\t\t\t\t\t\t\t\t\t<p class=\"elementor-icon-box-description\">\n\t\t\t\t\t\tmail@mail.com\nzakrastore@gmail.com\t\t\t\t\t<\/p>\n\t\t\t\t\n\t\t\t<\/div>\n\t\t\t\n\t\t<\/div>\n\t\t\t\t\t\t<\/div>\n\t\t\t\t<\/div>\n\t\t\t\t\t<\/div>\n\t\t<\/div>\n\t\t\t\t\t<\/div>\n\t\t<\/section>\n\t\t\t\t<section class=\"elementor-section elementor-inner-section elementor-element elementor-element-fec2018 elementor-section-boxed elementor-section-height-default elementor-section-height-default\" data-id=\"fec2018\" data-element_type=\"section\">\n\t\t\t\t\t\t<div class=\"elementor-container elementor-column-gap-default\">\n\t\t\t\t\t<div class=\"elementor-column elementor-col-50 elementor-inner-column elementor-element elementor-element-6448f49\" data-id=\"6448f49\" data-element_type=\"column\">\n\t\t\t<div class=\"elementor-widget-wrap elementor-element-populated\">\n\t\t\t\t\t\t<div class=\"elementor-element elementor-element-432657b elementor-view-default elementor-position-block-start elementor-mobile-position-block-start elementor-widget elementor-widget-icon-box\" data-id=\"432657b\" data-element_type=\"widget\" data-widget_type=\"icon-box.default\">\n\t\t\t\t<div class=\"elementor-widget-container\">\n\t\t\t\t\t\t\t<div class=\"elementor-icon-box-wrapper\">\n\n\t\t\t\t\t\t<div class=\"elementor-icon-box-icon\">\n\t\t\t\t<span  class=\"elementor-icon\">\n\t\t\t\t<i class=\"fa fa-phone\" aria-hidden=\"true\"><\/i>\t\t\t\t<\/span>\n\t\t\t<\/div>\n\t\t\t\n\t\t\t\t\t\t<div class=\"elementor-icon-box-content\">\n\n\t\t\t\t\n\t\t\t\t\t\t\t\t\t<p class=\"elementor-icon-box-description\">\n\t\t\t\t\t\t977 - 222 - 555 - 666\t\t\t\t\t<\/p>\n\t\t\t\t\n\t\t\t<\/div>\n\t\t\t\n\t\t<\/div>\n\t\t\t\t\t\t<\/div>\n\t\t\t\t<\/div>\n\t\t\t\t\t<\/div>\n\t\t<\/div>\n\t\t\t\t<div class=\"elementor-column elementor-col-50 elementor-inner-column elementor-element elementor-element-9e22af7\" data-id=\"9e22af7\" data-element_type=\"column\">\n\t\t\t<div class=\"elementor-widget-wrap elementor-element-populated\">\n\t\t\t\t\t\t<div class=\"elementor-element elementor-element-9fd7ea8 elementor-view-default elementor-position-block-start elementor-mobile-position-block-start elementor-widget elementor-widget-icon-box\" data-id=\"9fd7ea8\" data-element_type=\"widget\" data-widget_type=\"icon-box.default\">\n\t\t\t\t<div class=\"elementor-widget-container\">\n\t\t\t\t\t\t\t<div class=\"elementor-icon-box-wrapper\">\n\n\t\t\t\t\t\t<div class=\"elementor-icon-box-icon\">\n\t\t\t\t<span  class=\"elementor-icon\">\n\t\t\t\t<i class=\"fa fa-fax\" aria-hidden=\"true\"><\/i>\t\t\t\t<\/span>\n\t\t\t<\/div>\n\t\t\t\n\t\t\t\t\t\t<div class=\"elementor-icon-box-content\">\n\n\t\t\t\t\n\t\t\t\t\t\t\t\t\t<p class=\"elementor-icon-box-description\">\n\t\t\t\t\t\t977 - 222 - 555 - 666\t\t\t\t\t<\/p>\n\t\t\t\t\n\t\t\t<\/div>\n\t\t\t\n\t\t<\/div>\n\t\t\t\t\t\t<\/div>\n\t\t\t\t<\/div>\n\t\t\t\t\t<\/div>\n\t\t<\/div>\n\t\t\t\t\t<\/div>\n\t\t<\/section>\n\t\t\t\t\t<\/div>\n\t\t<\/div>\n\t\t\t\t<div class=\"elementor-column elementor-col-50 elementor-top-column elementor-element elementor-element-17c2d64\" data-id=\"17c2d64\" data-element_type=\"column\">\n\t\t\t<div class=\"elementor-widget-wrap elementor-element-populated\">\n\t\t\t\t\t\t<div class=\"elementor-element elementor-element-6d3806f elementor-widget elementor-widget-shortcode\" data-id=\"6d3806f\" data-element_type=\"widget\" data-widget_type=\"shortcode.default\">\n\t\t\t\t<div class=\"elementor-widget-container\">\n\t\t\t\t\t\t\t<div class=\"elementor-shortcode\"><div class=\"everest-forms\"><div class=\"evf-container default\" id=\"evf-294\"><form id=\"evf-form-294\" class=\"everest-form\" data-formid=\"294\" data-ajax_submission=\"0\" data-keyboard_friendly_form=\"0\" data-form_state_type=\"\" method=\"post\" enctype=\"multipart\/form-data\" action=\"\/index.php?rest_route=%2Fwp%2Fv2%2Fpages%2F800\"><div class=\"evf-field-container\"><input type=\"hidden\" id=\"_wpnonce294\" name=\"_wpnonce294\" value=\"093d18f2e8\" \/><input type=\"hidden\" name=\"_wp_http_referer\" value=\"\/index.php?rest_route=%2Fwp%2Fv2%2Fpages%2F800\" \/><div class=\"evf-frontend-row\" data-row=\"row_1\" conditional_rules=\"[]\"><div class=\"evf-frontend-grid evf-grid-1\" data-grid=\"grid_1\"><div id=\"evf-294-field_9ywEyAQpSq-7-container\" class=\"evf-field evf-field-text form-row\" data-field-id=\"9ywEyAQpSq-7\"><label class=\"evf-field-label\" for=\"evf-294-field_9ywEyAQpSq-7\"><span class=\"evf-label\">V jak\u00fd moment \u017eena za\u010dala ztr\u00e1cet z\u00e1jem o tebe a s \u010d\u00edm to m\u016f\u017ee b\u00fdt spojeno?<\/span> <\/label><input type=\"text\" id=\"evf-294-field_9ywEyAQpSq-7\" class=\"input-text\" name=\"everest_forms[form_fields][9ywEyAQpSq-7]\" placeholder=\"Odpov\u011bd\u011bt\" ><\/div><div id=\"evf-294-field_h0ANBwjdn9-16-container\" class=\"evf-field evf-field-text form-row\" data-field-id=\"h0ANBwjdn9-16\"><label class=\"evf-field-label\" for=\"evf-294-field_h0ANBwjdn9-16\"><span class=\"evf-label\">Jak\u00e9 skryt\u00e9 emocion\u00e1ln\u00ed pot\u0159eby charakterizuj\u00ed tvoj\u00ed holku. Jak\u00e1 m\u00e1 tajn\u00e1 emocion\u00e1ln\u00ed p\u0159\u00e1n\u00ed? Jak\u00e1 jej\u00ed tajn\u00e1 p\u0159\u00e1n\u00ed ty neuspokojil?<\/span> <\/label><input type=\"text\" id=\"evf-294-field_h0ANBwjdn9-16\" class=\"input-text\" name=\"everest_forms[form_fields][h0ANBwjdn9-16]\" placeholder=\"Odpov\u011bd\u011bt\" ><\/div><div id=\"evf-294-field_Tm0UG8wtWD-15-container\" class=\"evf-field evf-field-text form-row\" data-field-id=\"Tm0UG8wtWD-15\"><label class=\"evf-field-label\" for=\"evf-294-field_Tm0UG8wtWD-15\"><span class=\"evf-label\">Kdy do\u0161lo ke zlomu ve vztahu a co tomu p\u0159edch\u00e1zelo?<\/span> <\/label><input type=\"text\" id=\"evf-294-field_Tm0UG8wtWD-15\" class=\"input-text\" name=\"everest_forms[form_fields][Tm0UG8wtWD-15]\" placeholder=\"Odpov\u011bd\u011bt\" ><\/div><div id=\"evf-294-field_tAFYI5RaSQ-14-container\" class=\"evf-field evf-field-text form-row\" data-field-id=\"tAFYI5RaSQ-14\"><label class=\"evf-field-label\" for=\"evf-294-field_tAFYI5RaSQ-14\"><span class=\"evf-label\">Jak jsi reagoval na n\u00e1roky, v\u00fd\u010ditky, obvin\u011bn\u00ed a konfliktn\u00ed situace \u017eeny? Jak\u00e1 strategie tv\u00e9ho chov\u00e1n\u00ed p\u0159inesla pozitivn\u00ed v\u00fdsledky?<\/span> <\/label><input type=\"text\" id=\"evf-294-field_tAFYI5RaSQ-14\" class=\"input-text\" name=\"everest_forms[form_fields][tAFYI5RaSQ-14]\" placeholder=\"Odpov\u011bd\u011bt\" ><\/div><div id=\"evf-294-field_ZG20wYBLg4-12-container\" class=\"evf-field evf-field-text form-row\" data-field-id=\"ZG20wYBLg4-12\"><label class=\"evf-field-label\" for=\"evf-294-field_ZG20wYBLg4-12\"><span class=\"evf-label\">\u010c\u00edm byl podm\u00edn\u011bn kontrast v chov\u00e1n\u00ed \u017eeny v za\u010d\u00e1tku vztahu a v posledn\u00edm stadiu? Co cht\u011bla \u017eena od tebe kdy\u017e sama za\u010dala konflikt a v\u011bd\u011bla, \u017ee vztah na tom m\u016f\u017ee skon\u010dit, kdy\u017e to nevypln\u00ed\u0161?<\/span> <\/label><input type=\"text\" id=\"evf-294-field_ZG20wYBLg4-12\" class=\"input-text\" name=\"everest_forms[form_fields][ZG20wYBLg4-12]\" placeholder=\"Odpov\u011bd\u011bt\" ><\/div><div id=\"evf-294-field_RS9kbnkrxo-10-container\" class=\"evf-field evf-field-text form-row\" data-field-id=\"RS9kbnkrxo-10\"><label class=\"evf-field-label\" for=\"evf-294-field_RS9kbnkrxo-10\"><span class=\"evf-label\">M\u016f\u017ee se \u017eena p\u0159i\u0159adit k jednomu z t\u011bchto typ\u016f probl\u00e9mov\u00e9 \u017eeny? a) neust\u00e1le pot\u0159ebuje pozitivn\u00ed emoce, b) hysterka, kr\u00e1lovna dramatu, c) \u017eensk\u00e1 s koulema? d) jin\u00e9 vyj\u00e1d\u0159i vlastn\u00edmi slovy<\/span> <\/label><input type=\"text\" id=\"evf-294-field_RS9kbnkrxo-10\" class=\"input-text\" name=\"everest_forms[form_fields][RS9kbnkrxo-10]\" placeholder=\"Odpov\u011bd\u011bt\" ><\/div><div id=\"evf-294-field_QP0m7MUcRP-8-container\" class=\"evf-field evf-field-text form-row\" data-field-id=\"QP0m7MUcRP-8\"><label class=\"evf-field-label\" for=\"evf-294-field_QP0m7MUcRP-8\"><span class=\"evf-label\">Jak\u00e9 z\u00e1v\u011bry je mo\u017en\u00e9 ud\u011blat z jej\u00edch b\u00fdval\u00fdch vztah\u016f? Jak\u00e9 byli jej\u00ed vztahy do tebe? Jsou tam z\u00e1konitosti?<\/span> <\/label><input type=\"text\" id=\"evf-294-field_QP0m7MUcRP-8\" class=\"input-text\" name=\"everest_forms[form_fields][QP0m7MUcRP-8]\" placeholder=\"Odpov\u011bd\u011bt\" ><\/div><div id=\"evf-294-field_AxXGdmBL5o-17-container\" class=\"evf-field evf-field-text form-row\" data-field-id=\"AxXGdmBL5o-17\"><label class=\"evf-field-label\" for=\"evf-294-field_AxXGdmBL5o-17\"><span class=\"evf-label\">Je schopn\u00e1 ti tato \u017eena d\u00e1t ten form\u00e1t vztahu, kter\u00fd ty chce\u0161? Nebo to op\u011bt bude \u010dasov\u011b omezen\u00e1 spokojenost se skand\u00e1ly v konci?<\/span> <\/label><input type=\"text\" id=\"evf-294-field_AxXGdmBL5o-17\" class=\"input-text\" name=\"everest_forms[form_fields][AxXGdmBL5o-17]\" placeholder=\"Odpov\u011bd\u011bt\" ><\/div><div id=\"evf-294-field_Dz0zVUV3UN-19-container\" class=\"evf-field evf-field-text form-row\" data-field-id=\"Dz0zVUV3UN-19\"><label class=\"evf-field-label\" for=\"evf-294-field_Dz0zVUV3UN-19\"><span class=\"evf-label\">Jak\u00e9 jsou jej\u00ed \u017eivotn\u00ed priority? Faktick\u00e9, opravdov\u00e9, kter\u00e9 jsi pozoroval v jej\u00ed \u010dinnosti a postupech a ne to co pouze \u0159\u00edkala a zmi\u0148ovala?<\/span> <\/label><input type=\"text\" id=\"evf-294-field_Dz0zVUV3UN-19\" class=\"input-text\" name=\"everest_forms[form_fields][Dz0zVUV3UN-19]\" placeholder=\"Odpov\u011bd\u011bt\" ><\/div><div id=\"evf-294-field_r24TXvP8DU-18-container\" class=\"evf-field evf-field-text form-row\" data-field-id=\"r24TXvP8DU-18\"><label class=\"evf-field-label\" for=\"evf-294-field_r24TXvP8DU-18\"><span class=\"evf-label\">Popi\u0161 vlastn\u00edmi slovy probl\u00e9my, konflikty a nedorozum\u011bn\u00ed, kter\u00e9 se d\u011bly ve va\u0161em vztahu a kter\u00e9 podle tv\u00e9ho m\u00edn\u011bn\u00ed m\u011bly vliv na vztah.<\/span> <\/label><input type=\"text\" id=\"evf-294-field_r24TXvP8DU-18\" class=\"input-text\" name=\"everest_forms[form_fields][r24TXvP8DU-18]\" placeholder=\"Odpov\u011bd\u011bt\" ><\/div><div id=\"evf-294-field_lNJswmyFsx-5-container\" class=\"evf-field evf-field-textarea form-row\" data-field-id=\"lNJswmyFsx-5\"><label class=\"evf-field-label\" for=\"evf-294-field_lNJswmyFsx-5\"><span class=\"evf-label\">Co by jsi te\u010f ud\u011blal jinak?<\/span> <\/label><textarea id=\"evf-294-field_lNJswmyFsx-5\" class=\"input-text\" name=\"everest_forms[form_fields][lNJswmyFsx-5]\" placeholder=\"Odpov\u011bd\u011bt\"  ><\/textarea><\/div><\/div><\/div><\/div><div class=\"evf-honeypot-container evf-field-hp\"><label for=\"evf-294-field-hp\" class=\"evf-field-label\">Message<\/label><input type=\"text\" name=\"everest_forms[hp]\" id=\"evf-294-field-hp\" class=\"input-text\"><\/div><div class=\"evf-submit-container \" ><input type=\"hidden\" name=\"everest_forms[id]\" value=\"294\"><input type=\"hidden\" name=\"everest_forms[author]\" value=\"1\"><button type='submit' name='everest_forms[submit]' class='everest-forms-submit-button button evf-submit ' id='evf-submit-294' value='evf-submit' data-process-text=\"Processing\u2026\" conditional_rules='&quot;&quot;' conditional_id='evf-submit-294'  id=\"evf-submit-294\" aria-live=\"assertive\">Odeslat<\/button><\/div><input\n                    class=\"apbct_special_field apbct_email_id__elementor_form\"\n                    name=\"apbct__email_id__elementor_form\"\n                    aria-label=\"apbct__label_id__elementor_form\"\n                    type=\"text\" size=\"30\" maxlength=\"200\" autocomplete=\"off\"\n                    value=\"\"\n                \/><\/form><\/div><!-- .evf-container --><\/div><\/div>\n\t\t\t\t\t\t<\/div>\n\t\t\t\t<\/div>\n\t\t\t\t\t<\/div>\n\t\t<\/div>\n\t\t\t\t\t<\/div>\n\t\t<\/section>\n\t\t\t\t<section class=\"elementor-section elementor-top-section elementor-element elementor-element-fca2abd elementor-section-boxed elementor-section-height-default elementor-section-height-default\" data-id=\"fca2abd\" data-element_type=\"section\">\n\t\t\t\t\t\t<div class=\"elementor-container elementor-column-gap-default\">\n\t\t\t\t\t<div class=\"elementor-column elementor-col-100 elementor-top-column elementor-element elementor-element-c05d9b8\" data-id=\"c05d9b8\" data-element_type=\"column\">\n\t\t\t<div class=\"elementor-widget-wrap elementor-element-populated\">\n\t\t\t\t\t\t<div class=\"elementor-element elementor-element-bb89850 elementor-widget elementor-widget-spacer\" data-id=\"bb89850\" data-element_type=\"widget\" data-widget_type=\"spacer.default\">\n\t\t\t\t<div class=\"elementor-widget-container\">\n\t\t\t\t\t\t\t<div class=\"elementor-spacer\">\n\t\t\t<div class=\"elementor-spacer-inner\"><\/div>\n\t\t<\/div>\n\t\t\t\t\t\t<\/div>\n\t\t\t\t<\/div>\n\t\t\t\t<div class=\"elementor-element elementor-element-68e2d45 elementor-widget elementor-widget-google_maps\" data-id=\"68e2d45\" data-element_type=\"widget\" data-widget_type=\"google_maps.default\">\n\t\t\t\t<div class=\"elementor-widget-container\">\n\t\t\t\t\t\t\t<div class=\"elementor-custom-embed\">\n\t\t\t<iframe loading=\"lazy\"\n\t\t\t\t\tsrc=\"https:\/\/maps.google.com\/maps?q=London%20Eye%2C%20London%2C%20United%20Kingdom&#038;t=m&#038;z=10&#038;output=embed&#038;iwloc=near\"\n\t\t\t\t\ttitle=\"London Eye, London, United Kingdom\"\n\t\t\t\t\taria-label=\"London Eye, London, United Kingdom\"\n\t\t\t><\/iframe>\n\t\t<\/div>\n\t\t\t\t\t\t<\/div>\n\t\t\t\t<\/div>\n\t\t\t\t<div class=\"elementor-element elementor-element-ef82eeb elementor-widget elementor-widget-spacer\" data-id=\"ef82eeb\" data-element_type=\"widget\" data-widget_type=\"spacer.default\">\n\t\t\t\t<div class=\"elementor-widget-container\">\n\t\t\t\t\t\t\t<div class=\"elementor-spacer\">\n\t\t\t<div class=\"elementor-spacer-inner\"><\/div>\n\t\t<\/div>\n\t\t\t\t\t\t<\/div>\n\t\t\t\t<\/div>\n\t\t\t\t\t<\/div>\n\t\t<\/div>\n\t\t\t\t\t<\/div>\n\t\t<\/section>\n\t\t\t\t<\/div>\n\t\t","protected":false},"excerpt":{"rendered":"<p>CONTACT US 445 Mount Eden Road, Mt Eden, Auckland 1024 mail@mail.com zakrastore@gmail.com 977 &#8211; 222 &#8211; 555 &#8211; 666 977 &#8211; 222 &#8211; 555 &#8211; 666<\/p>\n","protected":false},"author":1,"featured_media":0,"parent":0,"menu_order":0,"comment_status":"closed","ping_status":"closed","template":"page-templates\/pagebuilder.php","meta":{"zakra_page_container_layout":"stretched","zakra_page_sidebar_layout":"no_sidebar","zakra_remove_content_margin":false,"zakra_sidebar":"customizer","zakra_transparent_header":"0","zakra_logo":0,"zakra_main_header_style":"default","zakra_menu_item_color":"","zakra_menu_item_hover_color":"","zakra_menu_item_active_color":"","zakra_menu_active_style":"","zakra_page_header":true,"footnotes":""},"class_list":["post-800","page","type-page","status-publish","hentry"],"_links":{"self":[{"href":"https:\/\/vztahy.net\/index.php?rest_route=\/wp\/v2\/pages\/800","targetHints":{"allow":["GET"]}}],"collection":[{"href":"https:\/\/vztahy.net\/index.php?rest_route=\/wp\/v2\/pages"}],"about":[{"href":"https:\/\/vztahy.net\/index.php?rest_route=\/wp\/v2\/types\/page"}],"author":[{"embeddable":true,"href":"https:\/\/vztahy.net\/index.php?rest_route=\/wp\/v2\/users\/1"}],"replies":[{"embeddable":true,"href":"https:\/\/vztahy.net\/index.php?rest_route=%2Fwp%2Fv2%2Fcomments&post=800"}],"version-history":[{"count":0,"href":"https:\/\/vztahy.net\/index.php?rest_route=\/wp\/v2\/pages\/800\/revisions"}],"wp:attachment":[{"href":"https:\/\/vztahy.net\/index.php?rest_route=%2Fwp%2Fv2%2Fmedia&parent=800"}],"curies":[{"name":"wp","href":"https:\/\/api.w.org\/{rel}","templated":true}]}}